{"id":573,"date":"2023-02-01T17:14:31","date_gmt":"2023-02-01T17:14:31","guid":{"rendered":"https:\/\/guarana.own-it.media\/?page_id=573"},"modified":"2023-03-05T20:19:09","modified_gmt":"2023-03-05T20:19:09","slug":"guarana-brainer","status":"publish","type":"page","link":"https:\/\/www.guarananosleep.hu\/?page_id=573","title":{"rendered":"Guarana Brainer"},"content":{"rendered":"\t\t<div data-elementor-type=\"wp-page\" data-elementor-id=\"573\" class=\"elementor elementor-573\">\n\t\t\t\t\t\t\t\t\t<section data-particle_enable=\"false\" data-particle-mobile-disabled=\"false\" class=\"elementor-section elementor-top-section elementor-element elementor-element-76c5af1 elementor-section-boxed elementor-section-height-default elementor-section-height-default\" data-id=\"76c5af1\" data-element_type=\"section\">\n\t\t\t\t\t\t<div class=\"elementor-container elementor-column-gap-default\">\n\t\t\t\t\t<div class=\"elementor-column elementor-col-100 elementor-top-column elementor-element elementor-element-7154bf2\" data-id=\"7154bf2\" data-element_type=\"column\">\n\t\t\t<div class=\"elementor-widget-wrap elementor-element-populated\">\n\t\t\t\t\t\t\t\t<div class=\"elementor-element elementor-element-2947d3a elementor-widget elementor-widget-heading\" data-id=\"2947d3a\" data-element_type=\"widget\" data-widget_type=\"heading.default\">\n\t\t\t\t<div class=\"elementor-widget-container\">\n\t\t\t<style>\/*! elementor - v3.11.1 - 15-02-2023 *\/\n.elementor-heading-title{padding:0;margin:0;line-height:1}.elementor-widget-heading .elementor-heading-title[class*=elementor-size-]>a{color:inherit;font-size:inherit;line-height:inherit}.elementor-widget-heading .elementor-heading-title.elementor-size-small{font-size:15px}.elementor-widget-heading .elementor-heading-title.elementor-size-medium{font-size:19px}.elementor-widget-heading .elementor-heading-title.elementor-size-large{font-size:29px}.elementor-widget-heading .elementor-heading-title.elementor-size-xl{font-size:39px}.elementor-widget-heading .elementor-heading-title.elementor-size-xxl{font-size:59px}<\/style><h1 class=\"elementor-heading-title elementor-size-default\">GUARANA NO SLEEP BRAINER<\/h1>\t\t<\/div>\n\t\t\t\t<\/div>\n\t\t\t\t\t<\/div>\n\t\t<\/div>\n\t\t\t\t\t\t\t<\/div>\n\t\t<\/section>\n\t\t\t\t<section data-particle_enable=\"false\" data-particle-mobile-disabled=\"false\" class=\"elementor-section elementor-top-section elementor-element elementor-element-d545499 elementor-section-boxed elementor-section-height-default elementor-section-height-default\" data-id=\"d545499\" data-element_type=\"section\" data-settings=\"{&quot;shape_divider_bottom&quot;:&quot;tilt&quot;}\">\n\t\t\t\t\t\t\t<div class=\"elementor-background-overlay\"><\/div>\n\t\t\t\t\t\t<div class=\"elementor-shape elementor-shape-bottom\" data-negative=\"false\">\n\t\t\t<svg xmlns=\"http:\/\/www.w3.org\/2000\/svg\" viewBox=\"0 0 1000 100\" preserveAspectRatio=\"none\">\n\t<path class=\"elementor-shape-fill\" d=\"M0,6V0h1000v100L0,6z\"\/>\n<\/svg>\t\t<\/div>\n\t\t\t\t\t<div class=\"elementor-container elementor-column-gap-default\">\n\t\t\t\t\t<div class=\"elementor-column elementor-col-50 elementor-top-column elementor-element elementor-element-57205fa\" data-id=\"57205fa\" data-element_type=\"column\">\n\t\t\t<div class=\"elementor-widget-wrap elementor-element-populated\">\n\t\t\t\t\t\t\t\t<div class=\"elementor-element elementor-element-077dcb0 elementor-widget elementor-widget-text-editor\" data-id=\"077dcb0\" data-element_type=\"widget\" data-widget_type=\"text-editor.default\">\n\t\t\t\t<div class=\"elementor-widget-container\">\n\t\t\t<style>\/*! elementor - v3.11.1 - 15-02-2023 *\/\n.elementor-widget-text-editor.elementor-drop-cap-view-stacked .elementor-drop-cap{background-color:#818a91;color:#fff}.elementor-widget-text-editor.elementor-drop-cap-view-framed .elementor-drop-cap{color:#818a91;border:3px solid;background-color:transparent}.elementor-widget-text-editor:not(.elementor-drop-cap-view-default) .elementor-drop-cap{margin-top:8px}.elementor-widget-text-editor:not(.elementor-drop-cap-view-default) .elementor-drop-cap-letter{width:1em;height:1em}.elementor-widget-text-editor .elementor-drop-cap{float:left;text-align:center;line-height:1;font-size:50px}.elementor-widget-text-editor .elementor-drop-cap-letter{display:inline-block}<\/style>\t\t\t\t<p>\u00cdZBEN OTT VAN, FEJBEN OTT VAGY.<\/p>\t\t\t\t\t\t<\/div>\n\t\t\t\t<\/div>\n\t\t\t\t<div class=\"elementor-element elementor-element-47bae43 elementor-widget elementor-widget-eael-lightbox\" data-id=\"47bae43\" data-element_type=\"widget\" data-widget_type=\"eael-lightbox.default\">\n\t\t\t\t<div class=\"elementor-widget-container\">\n\t\t\t\n\n\t\t<div data-lightbox-type=\"lightbox_type_content\" data-lightbox-type-url=\"\" data-lightbox-trigger-pageload=\"1\" data-lightbox-closebtn-color=\"#FFFFFF\" class=\"eael-lightbox-wrapper\" data-trigger=\"eael_lightbox_trigger_button\" data-lightbox-id=\"lightbox_69f3344d492d0\" data-type=\"inline\" data-src=\"#eael-lightbox-window-69f3344d492d0\" data-popup-layout=\"eael-lightbox-popup-standard\" data-main-class=\"eael-lightbox-no-overlay eael-lightbox-modal-popup-69f3344d492d0\" data-close_button=\"yes\" data-esc_exit=\"yes\" data-click_exit=\"yes\" data-effect=\"animated \" data-trigger-element=\".eael-modal-popup-link-69f3344d492d0\">\n\t\t\t<div class=\"eael-lightbox-btn\">\n\t\t\t\t<span id=\"btn-eael-lightbox-69f3344d492d0\" class=\"eael-modal-popup-button eael-modal-popup-link eael-modal-popup-link-69f3344d492d0 elementor-button elementor-size-md\">T\u00e1panyag inform\u00e1ci\u00f3<\/span>\t\t\t<\/div><!-- close .eael-lightbox-btn -->\n\t\t<\/div>\n\n\t\t<div class=\"eael-lightbox-popup-window eael-lightbox-popup-window-47bae43 lightbox_type_content\" id=\"eael-lightbox-window-69f3344d492d0\">\n\t\t\t<div class=\"eael-lightbox-container\">\n\t\t\t\t<div class=\"eael-lightbox-content\"><table dir=\"ltr\" border=\"1\" cellspacing=\"0\" cellpadding=\"0\"><colgroup> <col width=\"100\" \/> <col width=\"100\" \/> <col width=\"100\" \/> <col width=\"100\" \/> <col width=\"100\" \/><\/colgroup>\n<tbody>\n<tr>\n<td data-sheets-value=\"{\"><\/td>\n<td colspan=\"2\" rowspan=\"1\" data-sheets-value=\"{\" data-sheets-numberformat=\"{\">100 ml<\/td>\n<td colspan=\"2\" rowspan=\"1\" data-sheets-value=\"{\" data-sheets-numberformat=\"{\">250 ml<\/td>\n<\/tr>\n<tr>\n<td>ENERGIA<\/td>\n<td colspan=\"2\" rowspan=\"1\" data-sheets-value=\"{\" data-sheets-numberformat=\"{\">192 kJ (46 kcal)<\/td>\n<td colspan=\"2\" rowspan=\"1\" data-sheets-value=\"{\" data-sheets-numberformat=\"{\">480 kJ (115 kcal)<\/td>\n<\/tr>\n<tr>\n<td data-sheets-value=\"{\">Zs\u00edr<\/td>\n<td colspan=\"2\" rowspan=\"1\" data-sheets-value=\"{\">0 g<\/td>\n<td colspan=\"2\" rowspan=\"1\" data-sheets-value=\"{\">0 g<\/td>\n<\/tr>\n<tr>\n<td data-sheets-value=\"{\">melyb\u0151l tel\u00edtett zs\u00edrsavak<\/td>\n<td colspan=\"2\" rowspan=\"1\" data-sheets-value=\"{\">0 g<\/td>\n<td colspan=\"2\" rowspan=\"1\" data-sheets-value=\"{\">0 g<\/td>\n<\/tr>\n<tr>\n<td data-sheets-value=\"{\">Sz\u00e9nhidr\u00e1t<\/td>\n<td colspan=\"2\" rowspan=\"1\" data-sheets-value=\"{\">11 g<\/td>\n<td colspan=\"2\" rowspan=\"1\" data-sheets-value=\"{\">27.5 g<\/td>\n<\/tr>\n<tr>\n<td data-sheets-value=\"{\">melyb\u0151l cukrok<\/td>\n<td colspan=\"2\" rowspan=\"1\" data-sheets-value=\"{\">10.2 g<\/td>\n<td colspan=\"2\" rowspan=\"1\" data-sheets-value=\"{\">25.5 g<\/td>\n<\/tr>\n<tr>\n<td data-sheets-value=\"{\">Feh\u00e9rje<\/td>\n<td colspan=\"2\" rowspan=\"1\" data-sheets-value=\"{\">0 g<\/td>\n<td colspan=\"2\" rowspan=\"1\" data-sheets-value=\"{\">0 g<\/td>\n<\/tr>\n<tr>\n<td data-sheets-value=\"{\">S\u00f3<\/td>\n<td colspan=\"2\" rowspan=\"1\" data-sheets-value=\"{\">0.14 g<\/td>\n<td colspan=\"2\" rowspan=\"1\" data-sheets-value=\"{\">0.35 g<\/td>\n<\/tr>\n<tr>\n<td data-sheets-value=\"{\">C-vitamin<\/td>\n<td colspan=\"2\" rowspan=\"1\" data-sheets-value=\"{\">12 mg (15% NRV*)<\/td>\n<td colspan=\"2\" rowspan=\"1\" data-sheets-value=\"{\">30 mg (37.5% NRV*)<\/td>\n<\/tr>\n<tr>\n<td data-sheets-value=\"{\">Niacin<\/td>\n<td colspan=\"2\" rowspan=\"1\" data-sheets-value=\"{\">2.4 mg (15% NRV*)<\/td>\n<td colspan=\"2\" rowspan=\"1\" data-sheets-value=\"{\">6 mg (37.5% NRV*)<\/td>\n<\/tr>\n<tr>\n<td data-sheets-value=\"{\">B6-vitamin<\/td>\n<td colspan=\"2\" rowspan=\"1\" data-sheets-value=\"{\">0.21 mg (15% NRV*)<\/td>\n<td colspan=\"2\" rowspan=\"1\" data-sheets-value=\"{\">0.53 mg (37.5% NRV*)<\/td>\n<\/tr>\n<tr>\n<td data-sheets-value=\"{\">B12-vitamin<\/td>\n<td colspan=\"2\" rowspan=\"1\" data-sheets-value=\"{\">0.38 \u00b5g (15% NRV*)<\/td>\n<td colspan=\"2\" rowspan=\"1\" data-sheets-value=\"{\">0.95 \u00b5g (37.5% NRV*)<\/td>\n<\/tr>\n<tr>\n<td data-sheets-value=\"{\">Pantot\u00e9nsav<\/td>\n<td colspan=\"2\" rowspan=\"1\" data-sheets-value=\"{\">0.90 mg (15% NRV*)<\/td>\n<td colspan=\"2\" rowspan=\"1\" data-sheets-value=\"{\">2.25 mg (37,5% NRV*)<\/td>\n\t\t<\/tr>\n\t\t<tr>\n\t\t\t<td colspan=\"5\">*Referencia beviteli &eacute;rt&eacute;k egy &aacute;tlagos feln\u0151tt sz&aacute;m&aacute;ra (8400 kJ\/2000 kcal). Ez a doboz 1 adagot tartalmaz.<\/td>\n\t\t<\/tr>\n\t<\/tbody>\n<\/table>\n\n<table border=\"0\" cellpadding=\"0\" cellspacing=\"0\" dir=\"ltr\">\n\t<tbody>\n\t\t<tr>\n\t\t\t<td>**Nutrition intake value % for adults.<\/td>\n\t\t<\/tr>\n\t<\/tbody>\n<\/table><\/div>\n\n\t\t\t<\/div>\n\t\t<\/div>\n\t\t<\/div>\n\t\t\t\t<\/div>\n\t\t\t\t\t<\/div>\n\t\t<\/div>\n\t\t\t\t<div class=\"elementor-column elementor-col-50 elementor-top-column elementor-element elementor-element-7fd1c7f\" data-id=\"7fd1c7f\" data-element_type=\"column\">\n\t\t\t<div class=\"elementor-widget-wrap elementor-element-populated\">\n\t\t\t\t\t\t\t\t<div class=\"elementor-element elementor-element-1c0c30e elementor-widget elementor-widget-image\" data-id=\"1c0c30e\" data-element_type=\"widget\" data-settings=\"{&quot;motion_fx_motion_fx_scrolling&quot;:&quot;yes&quot;,&quot;motion_fx_devices&quot;:[&quot;desktop&quot;,&quot;tablet&quot;,&quot;mobile&quot;]}\" data-widget_type=\"image.default\">\n\t\t\t\t<div class=\"elementor-widget-container\">\n\t\t\t<style>\/*! elementor - v3.11.1 - 15-02-2023 *\/\n.elementor-widget-image{text-align:center}.elementor-widget-image a{display:inline-block}.elementor-widget-image a img[src$=\".svg\"]{width:48px}.elementor-widget-image img{vertical-align:middle;display:inline-block}<\/style>\t\t\t\t\t\t\t\t\t\t\t\t<img loading=\"lazy\" decoding=\"async\" width=\"429\" height=\"581\" src=\"https:\/\/www.guarananosleep.hu\/wp-content\/uploads\/2023\/03\/brainer-org.png\" class=\"attachment-large size-large wp-image-615\" alt=\"\" srcset=\"https:\/\/www.guarananosleep.hu\/wp-content\/uploads\/2023\/03\/brainer-org.png 429w, https:\/\/www.guarananosleep.hu\/wp-content\/uploads\/2023\/03\/brainer-org-222x300.png 222w\" sizes=\"auto, (max-width: 429px) 100vw, 429px\" \/>\t\t\t\t\t\t\t\t\t\t\t\t\t\t\t<\/div>\n\t\t\t\t<\/div>\n\t\t\t\t\t<\/div>\n\t\t<\/div>\n\t\t\t\t\t\t\t<\/div>\n\t\t<\/section>\n\t\t\t\t<section data-particle_enable=\"false\" data-particle-mobile-disabled=\"false\" class=\"elementor-section elementor-top-section elementor-element elementor-element-6030622 elementor-section-content-middle elementor-section-boxed elementor-section-height-default elementor-section-height-default\" data-id=\"6030622\" data-element_type=\"section\" data-settings=\"{&quot;shape_divider_bottom&quot;:&quot;tilt&quot;,&quot;background_background&quot;:&quot;classic&quot;}\">\n\t\t\t\t\t<div class=\"elementor-shape elementor-shape-bottom\" data-negative=\"false\">\n\t\t\t<svg xmlns=\"http:\/\/www.w3.org\/2000\/svg\" viewBox=\"0 0 1000 100\" preserveAspectRatio=\"none\">\n\t<path class=\"elementor-shape-fill\" d=\"M0,6V0h1000v100L0,6z\"\/>\n<\/svg>\t\t<\/div>\n\t\t\t\t\t<div class=\"elementor-container elementor-column-gap-default\">\n\t\t\t\t\t<div class=\"elementor-column elementor-col-50 elementor-top-column elementor-element elementor-element-45c0a98\" data-id=\"45c0a98\" data-element_type=\"column\">\n\t\t\t<div class=\"elementor-widget-wrap elementor-element-populated\">\n\t\t\t\t\t\t\t\t<div class=\"elementor-element elementor-element-69143af elementor-widget elementor-widget-text-editor\" data-id=\"69143af\" data-element_type=\"widget\" data-widget_type=\"text-editor.default\">\n\t\t\t\t<div class=\"elementor-widget-container\">\n\t\t\t\t\t\t\t<p>\u00c9breszd fel a benned szunnyad\u00f3 okos baglyot!<\/p><p>Az \u00e9ber baglyok tov\u00e1bb \u00e9rnek, mint az alv\u00f3k.<\/p>\t\t\t\t\t\t<\/div>\n\t\t\t\t<\/div>\n\t\t\t\t\t<\/div>\n\t\t<\/div>\n\t\t\t\t<div class=\"elementor-column elementor-col-50 elementor-top-column elementor-element elementor-element-9550309\" data-id=\"9550309\" data-element_type=\"column\" data-settings=\"{&quot;motion_fx_motion_fx_scrolling&quot;:&quot;yes&quot;,&quot;motion_fx_translateY_effect&quot;:&quot;yes&quot;,&quot;motion_fx_translateY_direction&quot;:&quot;negative&quot;,&quot;motion_fx_translateY_speed&quot;:{&quot;unit&quot;:&quot;px&quot;,&quot;size&quot;:0.8,&quot;sizes&quot;:[]},&quot;motion_fx_translateY_affectedRange&quot;:{&quot;unit&quot;:&quot;%&quot;,&quot;size&quot;:&quot;&quot;,&quot;sizes&quot;:{&quot;start&quot;:0,&quot;end&quot;:100}},&quot;motion_fx_devices&quot;:[&quot;desktop&quot;,&quot;tablet&quot;,&quot;mobile&quot;]}\">\n\t\t\t<div class=\"elementor-widget-wrap elementor-element-populated\">\n\t\t\t\t\t\t\t\t<div class=\"elementor-element elementor-element-ea60a67 elementor-widget elementor-widget-image\" data-id=\"ea60a67\" data-element_type=\"widget\" data-widget_type=\"image.default\">\n\t\t\t\t<div class=\"elementor-widget-container\">\n\t\t\t\t\t\t\t\t\t\t\t\t\t\t\t<img loading=\"lazy\" decoding=\"async\" width=\"440\" height=\"735\" src=\"https:\/\/www.guarananosleep.hu\/wp-content\/uploads\/2023\/02\/naucnik.png\" class=\"attachment-large size-large wp-image-585\" alt=\"\" srcset=\"https:\/\/www.guarananosleep.hu\/wp-content\/uploads\/2023\/02\/naucnik.png 440w, https:\/\/www.guarananosleep.hu\/wp-content\/uploads\/2023\/02\/naucnik-180x300.png 180w\" sizes=\"auto, (max-width: 440px) 100vw, 440px\" \/>\t\t\t\t\t\t\t\t\t\t\t\t\t\t\t<\/div>\n\t\t\t\t<\/div>\n\t\t\t\t\t<\/div>\n\t\t<\/div>\n\t\t\t\t\t\t\t<\/div>\n\t\t<\/section>\n\t\t\t\t<section data-particle_enable=\"false\" data-particle-mobile-disabled=\"false\" class=\"elementor-section elementor-top-section elementor-element elementor-element-d90d7b1 elementor-section-content-middle elementor-section-boxed elementor-section-height-default elementor-section-height-default\" data-id=\"d90d7b1\" data-element_type=\"section\" data-settings=\"{&quot;background_background&quot;:&quot;classic&quot;,&quot;shape_divider_bottom&quot;:&quot;tilt&quot;}\">\n\t\t\t\t\t<div class=\"elementor-shape elementor-shape-bottom\" data-negative=\"false\">\n\t\t\t<svg xmlns=\"http:\/\/www.w3.org\/2000\/svg\" viewBox=\"0 0 1000 100\" preserveAspectRatio=\"none\">\n\t<path class=\"elementor-shape-fill\" d=\"M0,6V0h1000v100L0,6z\"\/>\n<\/svg>\t\t<\/div>\n\t\t\t\t\t<div class=\"elementor-container elementor-column-gap-default\">\n\t\t\t\t\t<div class=\"elementor-column elementor-col-50 elementor-top-column elementor-element elementor-element-08653f0\" data-id=\"08653f0\" data-element_type=\"column\" data-settings=\"{&quot;motion_fx_motion_fx_scrolling&quot;:&quot;yes&quot;,&quot;motion_fx_translateY_effect&quot;:&quot;yes&quot;,&quot;motion_fx_translateY_speed&quot;:{&quot;unit&quot;:&quot;px&quot;,&quot;size&quot;:8,&quot;sizes&quot;:[]},&quot;motion_fx_translateY_affectedRange&quot;:{&quot;unit&quot;:&quot;%&quot;,&quot;size&quot;:&quot;&quot;,&quot;sizes&quot;:{&quot;start&quot;:35,&quot;end&quot;:100}},&quot;motion_fx_devices&quot;:[&quot;desktop&quot;,&quot;tablet&quot;,&quot;mobile&quot;]}\">\n\t\t\t<div class=\"elementor-widget-wrap elementor-element-populated\">\n\t\t\t\t\t\t\t\t<div class=\"elementor-element elementor-element-016c2c8 elementor-widget elementor-widget-image\" data-id=\"016c2c8\" data-element_type=\"widget\" data-widget_type=\"image.default\">\n\t\t\t\t<div class=\"elementor-widget-container\">\n\t\t\t\t\t\t\t\t\t\t\t\t\t\t\t<img loading=\"lazy\" decoding=\"async\" width=\"523\" height=\"426\" src=\"https:\/\/www.guarananosleep.hu\/wp-content\/uploads\/2023\/02\/mozak.png\" class=\"attachment-large size-large wp-image-584\" alt=\"\" srcset=\"https:\/\/www.guarananosleep.hu\/wp-content\/uploads\/2023\/02\/mozak.png 523w, https:\/\/www.guarananosleep.hu\/wp-content\/uploads\/2023\/02\/mozak-300x244.png 300w\" sizes=\"auto, (max-width: 523px) 100vw, 523px\" \/>\t\t\t\t\t\t\t\t\t\t\t\t\t\t\t<\/div>\n\t\t\t\t<\/div>\n\t\t\t\t\t<\/div>\n\t\t<\/div>\n\t\t\t\t<div class=\"elementor-column elementor-col-50 elementor-top-column elementor-element elementor-element-ce33e23\" data-id=\"ce33e23\" data-element_type=\"column\">\n\t\t\t<div class=\"elementor-widget-wrap elementor-element-populated\">\n\t\t\t\t\t\t\t\t<div class=\"elementor-element elementor-element-c8a02d0 elementor-widget elementor-widget-text-editor\" data-id=\"c8a02d0\" data-element_type=\"widget\" data-widget_type=\"text-editor.default\">\n\t\t\t\t<div class=\"elementor-widget-container\">\n\t\t\t\t\t\t\t<p>Mozg\u00f3s\u00edtsd a rejtett tartal\u00e9kaidat!<br \/>Extra \u00f6sszpontos\u00edt\u00e1s \u00e9s mem\u00f3ria boost.<\/p>\t\t\t\t\t\t<\/div>\n\t\t\t\t<\/div>\n\t\t\t\t\t<\/div>\n\t\t<\/div>\n\t\t\t\t\t\t\t<\/div>\n\t\t<\/section>\n\t\t\t\t<section data-particle_enable=\"false\" data-particle-mobile-disabled=\"false\" class=\"elementor-section elementor-top-section elementor-element elementor-element-044bc64 elementor-section-content-middle elementor-section-height-min-height elementor-section-boxed elementor-section-height-default elementor-section-items-middle\" data-id=\"044bc64\" data-element_type=\"section\" data-settings=\"{&quot;shape_divider_bottom&quot;:&quot;tilt&quot;,&quot;background_background&quot;:&quot;classic&quot;,&quot;shape_divider_top&quot;:&quot;tilt&quot;}\">\n\t\t\t\t\t<div class=\"elementor-shape elementor-shape-top\" data-negative=\"false\">\n\t\t\t<svg xmlns=\"http:\/\/www.w3.org\/2000\/svg\" viewBox=\"0 0 1000 100\" preserveAspectRatio=\"none\">\n\t<path class=\"elementor-shape-fill\" d=\"M0,6V0h1000v100L0,6z\"\/>\n<\/svg>\t\t<\/div>\n\t\t\t\t<div class=\"elementor-shape elementor-shape-bottom\" data-negative=\"false\">\n\t\t\t<svg xmlns=\"http:\/\/www.w3.org\/2000\/svg\" viewBox=\"0 0 1000 100\" preserveAspectRatio=\"none\">\n\t<path class=\"elementor-shape-fill\" d=\"M0,6V0h1000v100L0,6z\"\/>\n<\/svg>\t\t<\/div>\n\t\t\t\t\t<div class=\"elementor-container elementor-column-gap-default\">\n\t\t\t\t\t<div class=\"elementor-column elementor-col-50 elementor-top-column elementor-element elementor-element-1b9943a\" data-id=\"1b9943a\" data-element_type=\"column\">\n\t\t\t<div class=\"elementor-widget-wrap elementor-element-populated\">\n\t\t\t\t\t\t\t\t<div class=\"elementor-element elementor-element-3689805 elementor-widget elementor-widget-text-editor\" data-id=\"3689805\" data-element_type=\"widget\" data-widget_type=\"text-editor.default\">\n\t\t\t\t<div class=\"elementor-widget-container\">\n\t\t\t\t\t\t\t<p>Ginko Biloba kivonattal.<br \/>Friss\u00edt\u0151 g\u00f6r\u00f6gdinnye \u00edz.<\/p>\t\t\t\t\t\t<\/div>\n\t\t\t\t<\/div>\n\t\t\t\t\t<\/div>\n\t\t<\/div>\n\t\t\t\t<div class=\"elementor-column elementor-col-50 elementor-top-column elementor-element elementor-element-534122f\" data-id=\"534122f\" data-element_type=\"column\" data-settings=\"{&quot;motion_fx_motion_fx_scrolling&quot;:&quot;yes&quot;,&quot;motion_fx_translateY_effect&quot;:&quot;yes&quot;,&quot;motion_fx_translateY_direction&quot;:&quot;negative&quot;,&quot;motion_fx_translateY_speed&quot;:{&quot;unit&quot;:&quot;px&quot;,&quot;size&quot;:0.8,&quot;sizes&quot;:[]},&quot;motion_fx_translateY_affectedRange&quot;:{&quot;unit&quot;:&quot;%&quot;,&quot;size&quot;:&quot;&quot;,&quot;sizes&quot;:{&quot;start&quot;:0,&quot;end&quot;:100}},&quot;motion_fx_devices&quot;:[&quot;desktop&quot;,&quot;tablet&quot;,&quot;mobile&quot;]}\">\n\t\t\t<div class=\"elementor-widget-wrap elementor-element-populated\">\n\t\t\t\t\t\t\t\t<div class=\"elementor-element elementor-element-5b6a1e7 elementor-widget elementor-widget-image\" data-id=\"5b6a1e7\" data-element_type=\"widget\" data-widget_type=\"image.default\">\n\t\t\t\t<div class=\"elementor-widget-container\">\n\t\t\t\t\t\t\t\t\t\t\t\t\t\t\t<img loading=\"lazy\" decoding=\"async\" width=\"310\" height=\"637\" src=\"https:\/\/www.guarananosleep.hu\/wp-content\/uploads\/2023\/03\/group-4.png\" class=\"attachment-large size-large wp-image-619\" alt=\"\" srcset=\"https:\/\/www.guarananosleep.hu\/wp-content\/uploads\/2023\/03\/group-4.png 310w, https:\/\/www.guarananosleep.hu\/wp-content\/uploads\/2023\/03\/group-4-146x300.png 146w\" sizes=\"auto, (max-width: 310px) 100vw, 310px\" \/>\t\t\t\t\t\t\t\t\t\t\t\t\t\t\t<\/div>\n\t\t\t\t<\/div>\n\t\t\t\t\t<\/div>\n\t\t<\/div>\n\t\t\t\t\t\t\t<\/div>\n\t\t<\/section>\n\t\t\t\t<section data-particle_enable=\"false\" data-particle-mobile-disabled=\"false\" class=\"elementor-section elementor-top-section elementor-element elementor-element-6d0ec51 elementor-section-full_width elementor-section-height-default elementor-section-height-default\" data-id=\"6d0ec51\" data-element_type=\"section\">\n\t\t\t\t\t\t<div class=\"elementor-container elementor-column-gap-no\">\n\t\t\t\t\t<div class=\"elementor-column elementor-col-100 elementor-top-column elementor-element elementor-element-b4ba39e\" data-id=\"b4ba39e\" data-element_type=\"column\" data-settings=\"{&quot;background_background&quot;:&quot;classic&quot;}\">\n\t\t\t<div class=\"elementor-widget-wrap elementor-element-populated\">\n\t\t\t\t\t\t\t\t<div class=\"elementor-element elementor-element-df94ca6 elementor-widget elementor-widget-qi_addons_for_elementor_text_marquee\" data-id=\"df94ca6\" data-element_type=\"widget\" data-widget_type=\"qi_addons_for_elementor_text_marquee.default\">\n\t\t\t\t<div class=\"elementor-widget-container\">\n\t\t\t<div class=\"qodef-shortcode qodef-m  qodef-qi-text-marquee qodef-layout--default \">\n\t<div class=\"qodef-m-content\">\n\t\t<div class=\"qodef-m-text qodef-text--original\">\n\t\t\t\t\t\t\t<span class=\"qodef-m-text-item elementor-repeater-item-841f4ef\" >#GUARANANOSLEEP<\/span>\n                \t\t\t\t\t\t\t<span class=\"qodef-m-text-item elementor-repeater-item-2489b13\" >#GUARANANOSLEEP<\/span>\n                \t\t\t\t\t<\/div>\n\t\t<div class=\"qodef-m-text qodef-text--copy\">\n\t\t\t\t\t\t\t<span class=\"qodef-m-text-item elementor-repeater-item-841f4ef\" >#GUARANANOSLEEP<\/span>\n                \t\t\t\t\t\t\t<span class=\"qodef-m-text-item elementor-repeater-item-2489b13\" >#GUARANANOSLEEP<\/span>\n                \t\t\t\t\t<\/div>\n\t<\/div>\n<\/div>\n\t\t<\/div>\n\t\t\t\t<\/div>\n\t\t\t\t\t<\/div>\n\t\t<\/div>\n\t\t\t\t\t\t\t<\/div>\n\t\t<\/section>\n\t\t\t\t\t\t\t<\/div>\n\t\t","protected":false},"excerpt":{"rendered":"<p>GUARANA NO SLEEP BRAINER \u00cdZBEN OTT VAN, FEJBEN OTT VAGY. T\u00e1panyag inform\u00e1ci\u00f3 100 ml 250 ml ENERGIA 192 kJ (46 kcal) 480 kJ (115 kcal) Zs\u00edr 0 g 0 g melyb\u0151l tel\u00edtett zs\u00edrsavak 0 g 0 g Sz\u00e9nhidr\u00e1t 11 g 27.5 g melyb\u0151l cukrok 10.2 g 25.5 g Feh\u00e9rje 0 g 0 g S\u00f3 0.14 [&hellip;]<\/p>\n","protected":false},"author":1,"featured_media":0,"parent":0,"menu_order":0,"comment_status":"closed","ping_status":"closed","template":"","meta":{"footnotes":""},"class_list":["post-573","page","type-page","status-publish","hentry"],"_links":{"self":[{"href":"https:\/\/www.guarananosleep.hu\/index.php?rest_route=\/wp\/v2\/pages\/573","targetHints":{"allow":["GET"]}}],"collection":[{"href":"https:\/\/www.guarananosleep.hu\/index.php?rest_route=\/wp\/v2\/pages"}],"about":[{"href":"https:\/\/www.guarananosleep.hu\/index.php?rest_route=\/wp\/v2\/types\/page"}],"author":[{"embeddable":true,"href":"https:\/\/www.guarananosleep.hu\/index.php?rest_route=\/wp\/v2\/users\/1"}],"replies":[{"embeddable":true,"href":"https:\/\/www.guarananosleep.hu\/index.php?rest_route=%2Fwp%2Fv2%2Fcomments&post=573"}],"version-history":[{"count":16,"href":"https:\/\/www.guarananosleep.hu\/index.php?rest_route=\/wp\/v2\/pages\/573\/revisions"}],"predecessor-version":[{"id":622,"href":"https:\/\/www.guarananosleep.hu\/index.php?rest_route=\/wp\/v2\/pages\/573\/revisions\/622"}],"wp:attachment":[{"href":"https:\/\/www.guarananosleep.hu\/index.php?rest_route=%2Fwp%2Fv2%2Fmedia&parent=573"}],"curies":[{"name":"wp","href":"https:\/\/api.w.org\/{rel}","templated":true}]}}